{"id":385,"date":"2023-10-29T08:06:05","date_gmt":"2023-10-29T08:06:05","guid":{"rendered":"https:\/\/hannanieminen.fi\/?page_id=385"},"modified":"2025-03-16T17:53:41","modified_gmt":"2025-03-16T17:53:41","slug":"cv","status":"publish","type":"page","link":"https:\/\/hannanieminen.fi\/index.php\/cv\/","title":{"rendered":"CV"},"content":{"rendered":"\t\t<div data-elementor-type=\"wp-page\" data-elementor-id=\"385\" class=\"elementor elementor-385\">\n\t\t\t\t<div class=\"elementor-element elementor-element-e0d68ce e-flex e-con-boxed e-con e-parent\" data-id=\"e0d68ce\" data-element_type=\"container\">\n\t\t\t\t\t<div class=\"e-con-inner\">\n\t\t\t\t<div class=\"elementor-element elementor-element-b5a5d07 elementor-widget elementor-widget-heading\" data-id=\"b5a5d07\" data-element_type=\"widget\" data-widget_type=\"heading.default\">\n\t\t\t\t<div class=\"elementor-widget-container\">\n\t\t\t<h2 class=\"elementor-heading-title elementor-size-default\">N\u00e4yttelyt \/ Exhibitions<\/h2>\t\t<\/div>\n\t\t\t\t<\/div>\n\t\t\t\t\t<\/div>\n\t\t\t\t<\/div>\n\t\t<div class=\"elementor-element elementor-element-1bee497 e-flex e-con-boxed e-con e-parent\" data-id=\"1bee497\" data-element_type=\"container\">\n\t\t\t\t\t<div class=\"e-con-inner\">\n\t\t\t\t<div class=\"elementor-element elementor-element-4bbbd08 elementor-widget elementor-widget-text-editor\" data-id=\"4bbbd08\" data-element_type=\"widget\" data-widget_type=\"text-editor.default\">\n\t\t\t\t<div class=\"elementor-widget-container\">\n\t\t\t\t\t\t\t<h3><span style=\"color: #7a7a7a;\"><strong>Menneet \/ Past:<\/strong><\/span><\/h3><p><strong>Yksityisn\u00e4yttelyt \/ Solo <span class=\"HwtZe\" lang=\"en\"><span class=\"jCAhz ChMk0b\"><span class=\"ryNqvb\">exhibitions:<\/span><\/span><\/span><\/strong><\/p><p>Kaikki el\u00e4m\u00e4n s\u00e4vyt, Hanna Nieminen ja Johanna Peura , Patruunagalleria , Lapua 2024<\/p><p>Toisessa maailmassa,Hanna Nieminen ja Elina Rantala, Galleria Theodor, Loviisa, hein\u00e4kuu 2024<\/p><p><em>Maalauksia<\/em>, Kahvila Ihana , Soini 2009<\/p><p><em>Maalauksia<\/em> , Soinin kirjasto 2008<\/p><p><em>Maalauksia<\/em>, Alaj\u00e4rven kirjasto 2008<\/p><p><strong>Ryhm\u00e4n\u00e4yttelyt \/ Group exhibitions:<\/strong><\/p><p>Poetry of Space, A+-galleria, Helsinki maalis-huhtikuu 2025<\/p><p>Broken beauty, ujostelemattomasti s\u00e4rkynyt, Galerii Rakvere, Rakvere Viro tammi-helmikuu 2025<\/p><p>Palanen Paratiisia, Villa V\u00e4in\u00f6l\u00e4, Alaj\u00e4rvi marras-joulukuu 2024<\/p><p>Broken beauty, ujostelemattomasti s\u00e4rkynyt,Patruunagalleria Kulttuurikeskus Vanha Paukku, Lapua touko-elokuu 2024<\/p><p>Dalin ja Picasson jalanj\u00e4ljiss\u00e4, Caj Mijas, Mijas Pueblo Espanja, kes\u00e4kuu 2024\u00a0<\/p><p>Loisto, Kaapelitehdas, Helsinki huhtikuu 2024<\/p><p><span style=\"font-size: small;\"><em>Finland in Tokyo<\/em>, Design Festa Gallery, Tokio, maaliskuu 2024<\/span><\/p><p><span style=\"font-size: small;\"><em>Art shopping Paris<\/em>, Caroussel du Louvre, Pariisi, lokakuu 2023<\/span><\/p><p><span style=\"font-size: small;\"><em>Snapshots of Vitality<\/em>, Galleria Fogga, Helsinki 2023<\/span><\/p><p><span style=\"font-size: small;\"><em>Suomen Taiteilijat ry:n Vuosin\u00e4yttely<\/em>, Kaapelitehdas, Helsinki 2023<\/span><\/p><p><span style=\"font-size: small;\"><em>Taiteilijan Vapaus<\/em>, Kuusamotalo, Kuusamo 2023<\/span><\/p><p><span style=\"font-size: small;\"><em>Lohtun\u00e4ky<\/em>, Villa V\u00e4in\u00f6l\u00e4, Alaj\u00e4rvi 2020<\/span><\/p><p><span style=\"font-size: small;\"><em>Lohtun\u00e4ky<\/em>, Soinin kirjasto 2019<\/span><\/p>\t\t\t\t\t\t<\/div>\n\t\t\t\t<\/div>\n\t\t\t\t<div class=\"elementor-element elementor-element-26bd6d5 elementor-widget elementor-widget-text-editor\" data-id=\"26bd6d5\" data-element_type=\"widget\" data-widget_type=\"text-editor.default\">\n\t\t\t\t<div class=\"elementor-widget-container\">\n\t\t\t\t\t\t\t<h3><span style=\"color: #7a7a7a;\"><strong>Tulossa\/Coming up:<\/strong><\/span><\/h3><p><strong>Yksityisn\u00e4yttelyt \/ Solo <span class=\"HwtZe\" lang=\"en\"><span class=\"jCAhz ChMk0b\"><span class=\"ryNqvb\">exhibitions:<\/span><\/span><\/span><\/strong><\/p><p>Koinonia-keskus, Helsinki, elo-syyskuu 2025<\/p><p>Hein\u00e4veden kulttuurikirkko, Hein\u00e4vesi, kes\u00e4-elokuu 2025<\/p><p><span style=\"font-size: small;\">\u00a0<\/span><\/p><p><strong>Ryhm\u00e4n\u00e4yttelyt \/ Group exhibitions:<\/strong><\/p><p>\u00a0<\/p><p>\u00a0<\/p>\t\t\t\t\t\t<\/div>\n\t\t\t\t<\/div>\n\t\t\t\t\t<\/div>\n\t\t\t\t<\/div>\n\t\t<div class=\"elementor-element elementor-element-13d8450 e-flex e-con-boxed e-con e-parent\" data-id=\"13d8450\" data-element_type=\"container\">\n\t\t\t\t\t<div class=\"e-con-inner\">\n\t\t\t\t<div class=\"elementor-element elementor-element-4954464 elementor-widget elementor-widget-text-editor\" data-id=\"4954464\" data-element_type=\"widget\" data-widget_type=\"text-editor.default\">\n\t\t\t\t<div class=\"elementor-widget-container\">\n\t\t\t\t\t\t\t<p><strong>J\u00c4SENYYDET:<\/strong><\/p><p>Lapuan Taiteilijaseura<\/p>\t\t\t\t\t\t<\/div>\n\t\t\t\t<\/div>\n\t\t\t\t\t<\/div>\n\t\t\t\t<\/div>\n\t\t<div class=\"elementor-element elementor-element-362c63d e-flex e-con-boxed e-con e-parent\" data-id=\"362c63d\" data-element_type=\"container\">\n\t\t\t\t\t<div class=\"e-con-inner\">\n\t\t\t\t<div class=\"elementor-element elementor-element-3ebf0bc elementor-widget elementor-widget-heading\" data-id=\"3ebf0bc\" data-element_type=\"widget\" data-widget_type=\"heading.default\">\n\t\t\t\t<div class=\"elementor-widget-container\">\n\t\t\t<h2 class=\"elementor-heading-title elementor-size-default\">Media<\/h2>\t\t<\/div>\n\t\t\t\t<\/div>\n\t\t\t\t\t<\/div>\n\t\t\t\t<\/div>\n\t\t\t\t<\/div>\n\t\t","protected":false},"excerpt":{"rendered":"<p>N\u00e4yttelyt \/ Exhibitions Menneet \/ Past: Yksityisn\u00e4yttelyt \/ Solo exhibitions: Kaikki el\u00e4m\u00e4n s\u00e4vyt, Hanna Nieminen ja Johanna Peura , Patruunagalleria , Lapua 2024 Toisessa maailmassa,Hanna Nieminen ja Elina Rantala, Galleria Theodor, Loviisa, hein\u00e4kuu 2024 Maalauksia, Kahvila Ihana , Soini 2009 Maalauksia , Soinin kirjasto 2008 Maalauksia, Alaj\u00e4rven kirjasto 2008 Ryhm\u00e4n\u00e4yttelyt \/ Group exhibitions: Poetry of [&hellip;]<\/p>\n","protected":false},"author":1,"featured_media":0,"parent":0,"menu_order":0,"comment_status":"closed","ping_status":"closed","template":"","meta":{"om_disable_all_campaigns":false,"_monsterinsights_skip_tracking":false,"_monsterinsights_sitenote_active":false,"_monsterinsights_sitenote_note":"","_monsterinsights_sitenote_category":0,"ocean_post_layout":"","ocean_both_sidebars_style":"","ocean_both_sidebars_content_width":0,"ocean_both_sidebars_sidebars_width":0,"ocean_sidebar":"","ocean_second_sidebar":"","ocean_disable_margins":"enable","ocean_add_body_class":"","ocean_shortcode_before_top_bar":"","ocean_shortcode_after_top_bar":"","ocean_shortcode_before_header":"","ocean_shortcode_after_header":"","ocean_has_shortcode":"","ocean_shortcode_after_title":"","ocean_shortcode_before_footer_widgets":"","ocean_shortcode_after_footer_widgets":"","ocean_shortcode_before_footer_bottom":"","ocean_shortcode_after_footer_bottom":"","ocean_display_top_bar":"default","ocean_display_header":"default","ocean_header_style":"","ocean_center_header_left_menu":"","ocean_custom_header_template":"","ocean_custom_logo":0,"ocean_custom_retina_logo":0,"ocean_custom_logo_max_width":0,"ocean_custom_logo_tablet_max_width":0,"ocean_custom_logo_mobile_max_width":0,"ocean_custom_logo_max_height":0,"ocean_custom_logo_tablet_max_height":0,"ocean_custom_logo_mobile_max_height":0,"ocean_header_custom_menu":"","ocean_menu_typo_font_family":"","ocean_menu_typo_font_subset":"","ocean_menu_typo_font_size":0,"ocean_menu_typo_font_size_tablet":0,"ocean_menu_typo_font_size_mobile":0,"ocean_menu_typo_font_size_unit":"px","ocean_menu_typo_font_weight":"","ocean_menu_typo_font_weight_tablet":"","ocean_menu_typo_font_weight_mobile":"","ocean_menu_typo_transform":"","ocean_menu_typo_transform_tablet":"","ocean_menu_typo_transform_mobile":"","ocean_menu_typo_line_height":0,"ocean_menu_typo_line_height_tablet":0,"ocean_menu_typo_line_height_mobile":0,"ocean_menu_typo_line_height_unit":"","ocean_menu_typo_spacing":0,"ocean_menu_typo_spacing_tablet":0,"ocean_menu_typo_spacing_mobile":0,"ocean_menu_typo_spacing_unit":"","ocean_menu_link_color":"","ocean_menu_link_color_hover":"","ocean_menu_link_color_active":"","ocean_menu_link_background":"","ocean_menu_link_hover_background":"","ocean_menu_link_active_background":"","ocean_menu_social_links_bg":"","ocean_menu_social_hover_links_bg":"","ocean_menu_social_links_color":"","ocean_menu_social_hover_links_color":"","ocean_disable_title":"default","ocean_disable_heading":"default","ocean_post_title":"","ocean_post_subheading":"","ocean_post_title_style":"","ocean_post_title_background_color":"","ocean_post_title_background":0,"ocean_post_title_bg_image_position":"","ocean_post_title_bg_image_attachment":"","ocean_post_title_bg_image_repeat":"","ocean_post_title_bg_image_size":"","ocean_post_title_height":0,"ocean_post_title_bg_overlay":0.5,"ocean_post_title_bg_overlay_color":"","ocean_disable_breadcrumbs":"default","ocean_breadcrumbs_color":"","ocean_breadcrumbs_separator_color":"","ocean_breadcrumbs_links_color":"","ocean_breadcrumbs_links_hover_color":"","ocean_display_footer_widgets":"default","ocean_display_footer_bottom":"default","ocean_custom_footer_template":"","footnotes":""},"class_list":["post-385","page","type-page","status-publish","hentry","entry"],"aioseo_notices":[],"_links":{"self":[{"href":"https:\/\/hannanieminen.fi\/index.php\/wp-json\/wp\/v2\/pages\/385","targetHints":{"allow":["GET"]}}],"collection":[{"href":"https:\/\/hannanieminen.fi\/index.php\/wp-json\/wp\/v2\/pages"}],"about":[{"href":"https:\/\/hannanieminen.fi\/index.php\/wp-json\/wp\/v2\/types\/page"}],"author":[{"embeddable":true,"href":"https:\/\/hannanieminen.fi\/index.php\/wp-json\/wp\/v2\/users\/1"}],"replies":[{"embeddable":true,"href":"https:\/\/hannanieminen.fi\/index.php\/wp-json\/wp\/v2\/comments?post=385"}],"version-history":[{"count":46,"href":"https:\/\/hannanieminen.fi\/index.php\/wp-json\/wp\/v2\/pages\/385\/revisions"}],"predecessor-version":[{"id":553,"href":"https:\/\/hannanieminen.fi\/index.php\/wp-json\/wp\/v2\/pages\/385\/revisions\/553"}],"wp:attachment":[{"href":"https:\/\/hannanieminen.fi\/index.php\/wp-json\/wp\/v2\/media?parent=385"}],"curies":[{"name":"wp","href":"https:\/\/api.w.org\/{rel}","templated":true}]}}