{"id":93,"date":"2023-09-26T21:57:01","date_gmt":"2023-09-26T21:57:01","guid":{"rendered":"https:\/\/hannanieminen.fi\/?page_id=93"},"modified":"2025-03-16T16:43:03","modified_gmt":"2025-03-16T16:43:03","slug":"bio2","status":"publish","type":"page","link":"https:\/\/hannanieminen.fi\/index.php\/bio2\/","title":{"rendered":"Bio"},"content":{"rendered":"\t\t<div data-elementor-type=\"wp-post\" data-elementor-id=\"93\" class=\"elementor elementor-93\">\n\t\t\t\t<div class=\"elementor-element elementor-element-6c7c2a6 e-flex e-con-boxed e-con e-parent\" data-id=\"6c7c2a6\" data-element_type=\"container\">\n\t\t\t\t\t<div class=\"e-con-inner\">\n\t\t\t\t\t<\/div>\n\t\t\t\t<\/div>\n\t\t<div class=\"elementor-element elementor-element-0104d3b e-flex e-con-boxed e-con e-parent\" data-id=\"0104d3b\" data-element_type=\"container\">\n\t\t\t\t\t<div class=\"e-con-inner\">\n\t\t\t\t<div class=\"elementor-element elementor-element-870f64f elementor-drop-cap-yes elementor-drop-cap-view-default elementor-widget elementor-widget-text-editor\" data-id=\"870f64f\" data-element_type=\"widget\" data-settings=\"{&quot;drop_cap&quot;:&quot;yes&quot;}\" data-widget_type=\"text-editor.default\">\n\t\t\t\t<div class=\"elementor-widget-container\">\n\t\t\t\t\t\t\t<p><img fetchpriority=\"high\" decoding=\"async\" class=\"alignnone wp-image-539 size-medium\" src=\"https:\/\/hannanieminen.fi\/wp-content\/uploads\/2025\/03\/1000035417-225x300.jpg\" alt=\"\" width=\"225\" height=\"300\" srcset=\"https:\/\/hannanieminen.fi\/wp-content\/uploads\/2025\/03\/1000035417-225x300.jpg 225w, https:\/\/hannanieminen.fi\/wp-content\/uploads\/2025\/03\/1000035417-768x1024.jpg 768w, https:\/\/hannanieminen.fi\/wp-content\/uploads\/2025\/03\/1000035417-1152x1536.jpg 1152w, https:\/\/hannanieminen.fi\/wp-content\/uploads\/2025\/03\/1000035417-1536x2048.jpg 1536w, https:\/\/hannanieminen.fi\/wp-content\/uploads\/2025\/03\/1000035417-scaled.jpg 1920w\" sizes=\"(max-width: 225px) 100vw, 225px\" \/>Hei! Ihanaa ett\u00e4 l\u00f6ysit taidesivuilleni. Olen Hanna Nieminen, itseoppinut taidemaalari, ja haluaisin jakaa hieman taiteestani kanssasi.<\/p><p>Jo lapsuudessani l\u00f6ysin tien taiteen maailmaan, toiseen ulottuvuuteen, jonka huolettomaan maailmaan edelleen astun ihanissa maalaushetkiss\u00e4ni. Erityisesti valon ja tunnelman maalaaminen lumosivat minut. Tied\u00e4th\u00e4n sen hetken, kun auringons\u00e4teet leikittelev\u00e4t luonnon kanssa tai kun illan h\u00e4m\u00e4r\u00e4 luo salaper\u00e4isen tunnelman? N\u00e4m\u00e4 ovat niit\u00e4 hetki\u00e4, jotka inspiroivat minua luomaan taidettani. Maalaustaiteessa n\u00e4en rajattoman mahdollisuuden itseilmaisuun ja tarinankerrontaan. Maalaukseni kattavat laajan kirjon aiheita, aivan kuin el\u00e4m\u00e4 itse. Ne voivat esitt\u00e4\u00e4 ihmisel\u00e4m\u00e4n erilaisia tunteita ja tunnelmia tai heijastella luonnon kauneutta ja herkkyytt\u00e4. Yht\u00e4 lailla ne voivat kuvata henkil\u00f6kohtaisempia hetki\u00e4 tai k\u00e4sitell\u00e4\u00a0 kristillisi\u00e4 aiheita. Taiteeni tarkoitus on her\u00e4tt\u00e4\u00e4 tunteita ja tarjota esteettisesti miellytt\u00e4vi\u00e4 ja kauniita kokemuksia. Toivon, ett\u00e4 jokainen teokseni voi vied\u00e4 sinut matkalle, jossa voit uppoutua hetkeen ja kokea sen saman inspiroivan tunteen, joka saa minut maalaamaan. Taiteeni on jatkuvaa kasvua ja oppimista, ja uskon vakaasti, ett\u00e4 taiteessa on aina tilaa uuden oppimiselle. Olen innoissani siit\u00e4, ett\u00e4 voin jakaa t\u00e4t\u00e4 matkaa kanssasi ja muiden kanssa, jotka jakavat intohimon taiteeseen.<\/p><p>Kiitos, ett\u00e4 olet mukana t\u00e4ss\u00e4 matkassa, ja toivottavasti teokseni\u00a0 koskettavat sinua ja tuovat iloa el\u00e4m\u00e4\u00e4si.<\/p><p><a href=\"https:\/\/hannanieminen.fi\/index.php\/bioenglish\/\">In English<\/a><\/p>\t\t\t\t\t\t<\/div>\n\t\t\t\t<\/div>\n\t\t\t\t\t<\/div>\n\t\t\t\t<\/div>\n\t\t\t\t<\/div>\n\t\t","protected":false},"excerpt":{"rendered":"<p>Hei! Ihanaa ett\u00e4 l\u00f6ysit taidesivuilleni. Olen Hanna Nieminen, itseoppinut taidemaalari, ja haluaisin jakaa hieman taiteestani kanssasi. Jo lapsuudessani l\u00f6ysin tien taiteen maailmaan, toiseen ulottuvuuteen, jonka huolettomaan maailmaan edelleen astun ihanissa maalaushetkiss\u00e4ni. Erityisesti valon ja tunnelman maalaaminen lumosivat minut. Tied\u00e4th\u00e4n sen hetken, kun auringons\u00e4teet leikittelev\u00e4t luonnon kanssa tai kun illan h\u00e4m\u00e4r\u00e4 luo salaper\u00e4isen tunnelman? N\u00e4m\u00e4 ovat [&hellip;]<\/p>\n","protected":false},"author":1,"featured_media":0,"parent":0,"menu_order":0,"comment_status":"closed","ping_status":"closed","template":"","meta":{"om_disable_all_campaigns":false,"_monsterinsights_skip_tracking":false,"_monsterinsights_sitenote_active":false,"_monsterinsights_sitenote_note":"","_monsterinsights_sitenote_category":0,"ocean_post_layout":"","ocean_both_sidebars_style":"","ocean_both_sidebars_content_width":0,"ocean_both_sidebars_sidebars_width":0,"ocean_sidebar":"","ocean_second_sidebar":"","ocean_disable_margins":"enable","ocean_add_body_class":"","ocean_shortcode_before_top_bar":"","ocean_shortcode_after_top_bar":"","ocean_shortcode_before_header":"","ocean_shortcode_after_header":"","ocean_has_shortcode":"","ocean_shortcode_after_title":"","ocean_shortcode_before_footer_widgets":"","ocean_shortcode_after_footer_widgets":"","ocean_shortcode_before_footer_bottom":"","ocean_shortcode_after_footer_bottom":"","ocean_display_top_bar":"default","ocean_display_header":"default","ocean_header_style":"","ocean_center_header_left_menu":"","ocean_custom_header_template":"","ocean_custom_logo":0,"ocean_custom_retina_logo":0,"ocean_custom_logo_max_width":0,"ocean_custom_logo_tablet_max_width":0,"ocean_custom_logo_mobile_max_width":0,"ocean_custom_logo_max_height":0,"ocean_custom_logo_tablet_max_height":0,"ocean_custom_logo_mobile_max_height":0,"ocean_header_custom_menu":"","ocean_menu_typo_font_family":"","ocean_menu_typo_font_subset":"","ocean_menu_typo_font_size":0,"ocean_menu_typo_font_size_tablet":0,"ocean_menu_typo_font_size_mobile":0,"ocean_menu_typo_font_size_unit":"px","ocean_menu_typo_font_weight":"","ocean_menu_typo_font_weight_tablet":"","ocean_menu_typo_font_weight_mobile":"","ocean_menu_typo_transform":"","ocean_menu_typo_transform_tablet":"","ocean_menu_typo_transform_mobile":"","ocean_menu_typo_line_height":0,"ocean_menu_typo_line_height_tablet":0,"ocean_menu_typo_line_height_mobile":0,"ocean_menu_typo_line_height_unit":"","ocean_menu_typo_spacing":0,"ocean_menu_typo_spacing_tablet":0,"ocean_menu_typo_spacing_mobile":0,"ocean_menu_typo_spacing_unit":"","ocean_menu_link_color":"","ocean_menu_link_color_hover":"","ocean_menu_link_color_active":"","ocean_menu_link_background":"","ocean_menu_link_hover_background":"","ocean_menu_link_active_background":"","ocean_menu_social_links_bg":"","ocean_menu_social_hover_links_bg":"","ocean_menu_social_links_color":"","ocean_menu_social_hover_links_color":"","ocean_disable_title":"default","ocean_disable_heading":"default","ocean_post_title":"","ocean_post_subheading":"","ocean_post_title_style":"","ocean_post_title_background_color":"","ocean_post_title_background":0,"ocean_post_title_bg_image_position":"","ocean_post_title_bg_image_attachment":"","ocean_post_title_bg_image_repeat":"","ocean_post_title_bg_image_size":"","ocean_post_title_height":0,"ocean_post_title_bg_overlay":0.5,"ocean_post_title_bg_overlay_color":"","ocean_disable_breadcrumbs":"default","ocean_breadcrumbs_color":"","ocean_breadcrumbs_separator_color":"","ocean_breadcrumbs_links_color":"","ocean_breadcrumbs_links_hover_color":"","ocean_display_footer_widgets":"default","ocean_display_footer_bottom":"default","ocean_custom_footer_template":"","footnotes":""},"class_list":["post-93","page","type-page","status-publish","hentry","entry"],"aioseo_notices":[],"_links":{"self":[{"href":"https:\/\/hannanieminen.fi\/index.php\/wp-json\/wp\/v2\/pages\/93","targetHints":{"allow":["GET"]}}],"collection":[{"href":"https:\/\/hannanieminen.fi\/index.php\/wp-json\/wp\/v2\/pages"}],"about":[{"href":"https:\/\/hannanieminen.fi\/index.php\/wp-json\/wp\/v2\/types\/page"}],"author":[{"embeddable":true,"href":"https:\/\/hannanieminen.fi\/index.php\/wp-json\/wp\/v2\/users\/1"}],"replies":[{"embeddable":true,"href":"https:\/\/hannanieminen.fi\/index.php\/wp-json\/wp\/v2\/comments?post=93"}],"version-history":[{"count":69,"href":"https:\/\/hannanieminen.fi\/index.php\/wp-json\/wp\/v2\/pages\/93\/revisions"}],"predecessor-version":[{"id":546,"href":"https:\/\/hannanieminen.fi\/index.php\/wp-json\/wp\/v2\/pages\/93\/revisions\/546"}],"wp:attachment":[{"href":"https:\/\/hannanieminen.fi\/index.php\/wp-json\/wp\/v2\/media?parent=93"}],"curies":[{"name":"wp","href":"https:\/\/api.w.org\/{rel}","templated":true}]}}